{"id":100,"date":"2016-02-16T14:42:52","date_gmt":"2016-02-16T14:42:52","guid":{"rendered":"http:\/\/demo.athemes.com\/astrid\/?page_id=100"},"modified":"2018-02-05T13:20:57","modified_gmt":"2018-02-05T13:20:57","slug":"project-3","status":"publish","type":"page","link":"https:\/\/www.geourbano.cl\/?page_id=100","title":{"rendered":"Geodesia y Topograf\u00eda"},"content":{"rendered":"<p style=\"text-align: justify;\">\n<strong>Geourbano Group<\/strong> cuenta con un amplio equipo de profesionales dedicados al \u00e1rea de geodesia y topograf\u00eda, equipamiento de primera calidad para el desarrollo de campa\u00f1as de peque\u00f1a media y gran escala a lo largo de todo Chile y el extranjero, adem\u00e1s de alianzas estrat\u00e9gicas que complementan el desarrollo del proyecto.<\/p>\n<ul>\n<li>. Dise\u00f1o Geom\u00e9trico Digital de Caminos.<\/li>\n<li>Control y Replanteo de obras Civiles y Viales.<\/li>\n<li>Apoyo a estudios Geol\u00f3gicos, Hidro-Geol\u00f3gicos y Mineros.<\/li>\n<li>Estudios digitales de Loteos, Acopios, Canales, Caminos, Batimetr\u00eda, Parcelaciones, Topograf\u00eda Agr\u00edcola, etc.<\/li>\n<li>Topograf\u00eda Digital general de Obras, Levantamientos Ferroviarios y Arquitect\u00f3nicos.<\/li>\n<li>Manejo de Sistemas Digitales para Proyectos de Ingenier\u00eda: AutoCAD Civil 3D, CartoMAP, AutoCAD 2010, AutoCAD Land, Autodesk Revit Architexture entre otros.<\/li>\n<li>Levantamientos de Redes Geod\u00e9sicas, construcci\u00f3n de Poligonales abiertas y cerradas.<\/li>\n<\/ul>\n","protected":false},"excerpt":{"rendered":"<p>Geourbano Group cuenta con un amplio equipo de profesionales dedicados al \u00e1rea de geodesia y topograf\u00eda, equipamiento de primera calidad para el desarrollo de campa\u00f1as de peque\u00f1a media y gran escala a lo largo de todo Chile y el extranjero, [&hellip;]<\/p>\n","protected":false},"author":2,"featured_media":440,"parent":0,"menu_order":0,"comment_status":"closed","ping_status":"closed","template":"page-templates\/single-project.php","meta":{"footnotes":""},"class_list":["post-100","page","type-page","status-publish","has-post-thumbnail","hentry","clearfix"],"_links":{"self":[{"href":"https:\/\/www.geourbano.cl\/index.php?rest_route=\/wp\/v2\/pages\/100","targetHints":{"allow":["GET"]}}],"collection":[{"href":"https:\/\/www.geourbano.cl\/index.php?rest_route=\/wp\/v2\/pages"}],"about":[{"href":"https:\/\/www.geourbano.cl\/index.php?rest_route=\/wp\/v2\/types\/page"}],"author":[{"embeddable":true,"href":"https:\/\/www.geourbano.cl\/index.php?rest_route=\/wp\/v2\/users\/2"}],"replies":[{"embeddable":true,"href":"https:\/\/www.geourbano.cl\/index.php?rest_route=%2Fwp%2Fv2%2Fcomments&post=100"}],"version-history":[{"count":4,"href":"https:\/\/www.geourbano.cl\/index.php?rest_route=\/wp\/v2\/pages\/100\/revisions"}],"predecessor-version":[{"id":556,"href":"https:\/\/www.geourbano.cl\/index.php?rest_route=\/wp\/v2\/pages\/100\/revisions\/556"}],"wp:featuredmedia":[{"embeddable":true,"href":"https:\/\/www.geourbano.cl\/index.php?rest_route=\/wp\/v2\/media\/440"}],"wp:attachment":[{"href":"https:\/\/www.geourbano.cl\/index.php?rest_route=%2Fwp%2Fv2%2Fmedia&parent=100"}],"curies":[{"name":"wp","href":"https:\/\/api.w.org\/{rel}","templated":true}]}}