{"id":102,"date":"2016-02-16T14:43:07","date_gmt":"2016-02-16T14:43:07","guid":{"rendered":"http:\/\/demo.athemes.com\/astrid\/?page_id=102"},"modified":"2018-02-05T13:26:07","modified_gmt":"2018-02-05T13:26:07","slug":"project-4","status":"publish","type":"page","link":"https:\/\/www.geourbano.cl\/?page_id=102","title":{"rendered":"Medio ambiente y Recursos naturales"},"content":{"rendered":"<p style=\"text-align: justify;\">\n<strong>Geourbano Group<\/strong> es pionero en el \u00e1rea medioambiental, considerando para todos los proyectos en otras \u00e1reas, metodolog\u00edas que apunten a una sostenibilidad ambiental. Geourbano es experto en la construcci\u00f3n de procedimientos que consideren la interacci\u00f3n con el medio ambiente, reconocemos y planificamos metodolog\u00edas que den soluciones a proyectos de esta caracter\u00edstica.<\/p>\n<ul>\n<li>Elaboraci\u00f3n de Declaraciones de Impacto Ambiental y Estudios de Impacto Ambiental para distintos proyectos.<\/li>\n<li>Elaboraci\u00f3n de permisos Ambientales: cambio de uso de suelo, Planes de manejo forestal (corta y reforestaci\u00f3n), Modificaci\u00f3n de cauces, mineros (Sernageomin) entre otros.<\/li>\n<li>Modelamiento y aplicaciones SIG en medio Ambiente para estudios de Impacto Ambiental.<\/li>\n<li>Monitoreo Ambiental y Rescate de fauna.<\/li>\n<li>Reforestaci\u00f3n con especies nativas y ex\u00f3ticas.<\/li>\n<li>Manejo Silvicultural de especies nativas<\/li>\n<li>Hidrosiembra para manejo de erosi\u00f3n, contenci\u00f3n de taludes y paisajismo.<\/li>\n<\/ul>\n","protected":false},"excerpt":{"rendered":"<p>Geourbano Group es pionero en el \u00e1rea medioambiental, considerando para todos los proyectos en otras \u00e1reas, metodolog\u00edas que apunten a una sostenibilidad ambiental. Geourbano es experto en la construcci\u00f3n de procedimientos que consideren la interacci\u00f3n con el medio ambiente, reconocemos [&hellip;]<\/p>\n","protected":false},"author":2,"featured_media":439,"parent":0,"menu_order":0,"comment_status":"closed","ping_status":"closed","template":"page-templates\/single-project.php","meta":{"footnotes":""},"class_list":["post-102","page","type-page","status-publish","has-post-thumbnail","hentry","clearfix"],"_links":{"self":[{"href":"https:\/\/www.geourbano.cl\/index.php?rest_route=\/wp\/v2\/pages\/102","targetHints":{"allow":["GET"]}}],"collection":[{"href":"https:\/\/www.geourbano.cl\/index.php?rest_route=\/wp\/v2\/pages"}],"about":[{"href":"https:\/\/www.geourbano.cl\/index.php?rest_route=\/wp\/v2\/types\/page"}],"author":[{"embeddable":true,"href":"https:\/\/www.geourbano.cl\/index.php?rest_route=\/wp\/v2\/users\/2"}],"replies":[{"embeddable":true,"href":"https:\/\/www.geourbano.cl\/index.php?rest_route=%2Fwp%2Fv2%2Fcomments&post=102"}],"version-history":[{"count":4,"href":"https:\/\/www.geourbano.cl\/index.php?rest_route=\/wp\/v2\/pages\/102\/revisions"}],"predecessor-version":[{"id":557,"href":"https:\/\/www.geourbano.cl\/index.php?rest_route=\/wp\/v2\/pages\/102\/revisions\/557"}],"wp:featuredmedia":[{"embeddable":true,"href":"https:\/\/www.geourbano.cl\/index.php?rest_route=\/wp\/v2\/media\/439"}],"wp:attachment":[{"href":"https:\/\/www.geourbano.cl\/index.php?rest_route=%2Fwp%2Fv2%2Fmedia&parent=102"}],"curies":[{"name":"wp","href":"https:\/\/api.w.org\/{rel}","templated":true}]}}