{"id":112,"date":"2016-02-16T15:04:11","date_gmt":"2016-02-16T15:04:11","guid":{"rendered":"http:\/\/demo.athemes.com\/astrid\/?page_id=112"},"modified":"2018-02-05T13:48:21","modified_gmt":"2018-02-05T13:48:21","slug":"service-4","status":"publish","type":"page","link":"https:\/\/www.geourbano.cl\/?page_id=112","title":{"rendered":"GeoInmobiliaria"},"content":{"rendered":"<p style=\"text-align: justify;\">\nEmpresa en creciente desarrollo a cargo del desarrollo y gesti\u00f3n inmobiliaria en proyectos de peque\u00f1a y mediana escala. Hoy contamos con propiedades y alianzas estrat\u00e9gicas en 8 Regiones del pa\u00eds para generaci\u00f3n de negocios de alquiler y compra, as\u00ed como tambi\u00e9n para la generaci\u00f3n de estudios de mercado.<\/p>\n","protected":false},"excerpt":{"rendered":"<p>Empresa en creciente desarrollo a cargo del desarrollo y gesti\u00f3n inmobiliaria en proyectos de peque\u00f1a y mediana escala. Hoy contamos con propiedades y alianzas estrat\u00e9gicas en 8 Regiones del pa\u00eds para generaci\u00f3n de negocios de alquiler y compra, as\u00ed como [&hellip;]<\/p>\n","protected":false},"author":2,"featured_media":0,"parent":0,"menu_order":0,"comment_status":"closed","ping_status":"closed","template":"page-templates\/single-service.php","meta":{"footnotes":""},"class_list":["post-112","page","type-page","status-publish","hentry","clearfix"],"_links":{"self":[{"href":"https:\/\/www.geourbano.cl\/index.php?rest_route=\/wp\/v2\/pages\/112","targetHints":{"allow":["GET"]}}],"collection":[{"href":"https:\/\/www.geourbano.cl\/index.php?rest_route=\/wp\/v2\/pages"}],"about":[{"href":"https:\/\/www.geourbano.cl\/index.php?rest_route=\/wp\/v2\/types\/page"}],"author":[{"embeddable":true,"href":"https:\/\/www.geourbano.cl\/index.php?rest_route=\/wp\/v2\/users\/2"}],"replies":[{"embeddable":true,"href":"https:\/\/www.geourbano.cl\/index.php?rest_route=%2Fwp%2Fv2%2Fcomments&post=112"}],"version-history":[{"count":7,"href":"https:\/\/www.geourbano.cl\/index.php?rest_route=\/wp\/v2\/pages\/112\/revisions"}],"predecessor-version":[{"id":562,"href":"https:\/\/www.geourbano.cl\/index.php?rest_route=\/wp\/v2\/pages\/112\/revisions\/562"}],"wp:attachment":[{"href":"https:\/\/www.geourbano.cl\/index.php?rest_route=%2Fwp%2Fv2%2Fmedia&parent=112"}],"curies":[{"name":"wp","href":"https:\/\/api.w.org\/{rel}","templated":true}]}}