{"id":118,"date":"2016-02-16T15:09:09","date_gmt":"2016-02-16T15:09:09","guid":{"rendered":"http:\/\/demo.athemes.com\/astrid\/?page_id=118"},"modified":"2018-02-05T13:15:04","modified_gmt":"2018-02-05T13:15:04","slug":"project-5","status":"publish","type":"page","link":"https:\/\/www.geourbano.cl\/?page_id=118","title":{"rendered":"Arquitectura y Construcci\u00f3n"},"content":{"rendered":"<p style=\"text-align: justify;\"><strong>Geourbano Group<\/strong> considera la arquitectura como una herramienta estrat\u00e9gica para las empresas. Buscamos entender el funcionamiento de cada organizaci\u00f3n para plasmarlo en sus edificios. Usamos el dise\u00f1o para potenciar su imagen y expresar su identidad. Hoy no solo se trata de lugares donde trabajar y producir, si no que de lugares que expresen quienes somos.<\/p>\n<p><strong>ARQUITECTURA | HABITACIONAL, COMERCIAL &amp; INDUSTRIAL<\/strong><br \/>\nLa vivienda es uno de los temas que m\u00e1s nos motiva por la cercan\u00eda que el proceso genera con nuestros clientes.<br \/>\nA la experiencia profesional de nuestros socios en vivienda colectiva, hemos sumado en el \u00faltimo tiempo el desarrollo de viviendas unifamiliares y segunda vivienda en sectores costeros y de monta\u00f1a.<\/p>\n<p><strong>ARQUITECTURA | URBANISMO<\/strong><br \/>\nEl desarrollo exitoso de nuevas \u00e1reas est\u00e1 firmemente vinculado a una planificaci\u00f3n tanto espacial como temporal.<br \/>\nNuestra oficina cuenta con experiencia en el asesoramiento a privados y p\u00fablicos en Planes Maestros e<br \/>\ninstrumentos de planificaci\u00f3n, principalmente enfocada a desarrollos residenciales, deportivos, recreacionales, ente otros.<\/p>\n<p><strong>ARQUITECTURA | PAISAJE<\/strong><br \/>\nGeourbano para dar coherencia al desarrollo de un proyecto, en un concepto que integre arm\u00f3nicamente planificaci\u00f3n, edificaci\u00f3n y entorno, aborda el paisajismo como una actividad especifica, desarrollando estudios, dise\u00f1os y gesti\u00f3n del paisaje en diversas escalas.<\/p>\n","protected":false},"excerpt":{"rendered":"<p>Geourbano Group considera la arquitectura como una herramienta estrat\u00e9gica para las empresas. Buscamos entender el funcionamiento de cada organizaci\u00f3n para plasmarlo en sus edificios. Usamos el dise\u00f1o para potenciar su imagen y expresar su identidad. Hoy no solo se trata [&hellip;]<\/p>\n","protected":false},"author":2,"featured_media":399,"parent":0,"menu_order":0,"comment_status":"closed","ping_status":"closed","template":"page-templates\/single-project.php","meta":{"footnotes":""},"class_list":["post-118","page","type-page","status-publish","has-post-thumbnail","hentry","clearfix"],"_links":{"self":[{"href":"https:\/\/www.geourbano.cl\/index.php?rest_route=\/wp\/v2\/pages\/118","targetHints":{"allow":["GET"]}}],"collection":[{"href":"https:\/\/www.geourbano.cl\/index.php?rest_route=\/wp\/v2\/pages"}],"about":[{"href":"https:\/\/www.geourbano.cl\/index.php?rest_route=\/wp\/v2\/types\/page"}],"author":[{"embeddable":true,"href":"https:\/\/www.geourbano.cl\/index.php?rest_route=\/wp\/v2\/users\/2"}],"replies":[{"embeddable":true,"href":"https:\/\/www.geourbano.cl\/index.php?rest_route=%2Fwp%2Fv2%2Fcomments&post=118"}],"version-history":[{"count":7,"href":"https:\/\/www.geourbano.cl\/index.php?rest_route=\/wp\/v2\/pages\/118\/revisions"}],"predecessor-version":[{"id":550,"href":"https:\/\/www.geourbano.cl\/index.php?rest_route=\/wp\/v2\/pages\/118\/revisions\/550"}],"wp:featuredmedia":[{"embeddable":true,"href":"https:\/\/www.geourbano.cl\/index.php?rest_route=\/wp\/v2\/media\/399"}],"wp:attachment":[{"href":"https:\/\/www.geourbano.cl\/index.php?rest_route=%2Fwp%2Fv2%2Fmedia&parent=118"}],"curies":[{"name":"wp","href":"https:\/\/api.w.org\/{rel}","templated":true}]}}