{"id":120,"date":"2016-02-16T15:09:28","date_gmt":"2016-02-16T15:09:28","guid":{"rendered":"http:\/\/demo.athemes.com\/astrid\/?page_id=120"},"modified":"2018-02-05T13:18:24","modified_gmt":"2018-02-05T13:18:24","slug":"project-6","status":"publish","type":"page","link":"https:\/\/www.geourbano.cl\/?page_id=120","title":{"rendered":"Dise\u00f1o"},"content":{"rendered":"<p style=\"text-align: justify;\">\n<strong>Geourbano Group<\/strong> considera el dise\u00f1o como la interacci\u00f3n directa entre funci\u00f3n, est\u00e9tica y s\u00edmbolo, por lo que cada proyecci\u00f3n y selecci\u00f3n, est\u00e1n netamente complementadas a las necesidades funcionales y las caracter\u00edsticas que se quiera proyectar al cliente. Al igual que en la arquitectura usamos el dise\u00f1o para potenciar la imagen y expresar la identidad, en este caso en objetos y productos.<\/p>\n<p><strong>DISE\u00d1O INTERIOR<\/strong><br \/>\nEn Geourbano desarrollamos proyectos de dise\u00f1o mobiliario e interiores, con precisos estudios de espacialidad, con est\u00e1ndares de alta complejidad y de variados estilos. Realizamos remodelaci\u00f3n e instauraci\u00f3n de oficinas y plantas libres.<\/p>\n<p><strong>DISE\u00d1O INDUSTRIAL<\/strong><br \/>\nGeourbano a trav\u00e9s el dise\u00f1o industrial, crea y modifica objetos de micro y mediana escala, funcionales y de dise\u00f1o sostenible, con valores a\u00f1adidos en todas las etapas de su ciclo de vida, desde su creaci\u00f3n hasta su tratamiento como residuo. En proyectos de producci\u00f3n industrial y particular.<\/p>\n<p><strong>DISE\u00d1O GR\u00c1FICO<\/strong><br \/>\nGeourbano cuenta con profesionales competentes en el \u00e1rea de la comunicaci\u00f3n, para desarrollar habilidades y soluciones creativas, con elementos manuales y audiovisuales que demanda el mercado actual de marcas y productos a nivel nacional e internacional. Aplicando conceptos contempor\u00e1neos y de primera generaci\u00f3n, para el desarrollo de proyectos.<\/p>\n","protected":false},"excerpt":{"rendered":"<p>Geourbano Group considera el dise\u00f1o como la interacci\u00f3n directa entre funci\u00f3n, est\u00e9tica y s\u00edmbolo, por lo que cada proyecci\u00f3n y selecci\u00f3n, est\u00e1n netamente complementadas a las necesidades funcionales y las caracter\u00edsticas que se quiera proyectar al cliente. Al igual que [&hellip;]<\/p>\n","protected":false},"author":2,"featured_media":438,"parent":0,"menu_order":0,"comment_status":"closed","ping_status":"closed","template":"page-templates\/single-project.php","meta":{"footnotes":""},"class_list":["post-120","page","type-page","status-publish","has-post-thumbnail","hentry","clearfix"],"_links":{"self":[{"href":"https:\/\/www.geourbano.cl\/index.php?rest_route=\/wp\/v2\/pages\/120","targetHints":{"allow":["GET"]}}],"collection":[{"href":"https:\/\/www.geourbano.cl\/index.php?rest_route=\/wp\/v2\/pages"}],"about":[{"href":"https:\/\/www.geourbano.cl\/index.php?rest_route=\/wp\/v2\/types\/page"}],"author":[{"embeddable":true,"href":"https:\/\/www.geourbano.cl\/index.php?rest_route=\/wp\/v2\/users\/2"}],"replies":[{"embeddable":true,"href":"https:\/\/www.geourbano.cl\/index.php?rest_route=%2Fwp%2Fv2%2Fcomments&post=120"}],"version-history":[{"count":4,"href":"https:\/\/www.geourbano.cl\/index.php?rest_route=\/wp\/v2\/pages\/120\/revisions"}],"predecessor-version":[{"id":553,"href":"https:\/\/www.geourbano.cl\/index.php?rest_route=\/wp\/v2\/pages\/120\/revisions\/553"}],"wp:featuredmedia":[{"embeddable":true,"href":"https:\/\/www.geourbano.cl\/index.php?rest_route=\/wp\/v2\/media\/438"}],"wp:attachment":[{"href":"https:\/\/www.geourbano.cl\/index.php?rest_route=%2Fwp%2Fv2%2Fmedia&parent=120"}],"curies":[{"name":"wp","href":"https:\/\/api.w.org\/{rel}","templated":true}]}}