{"id":124,"date":"2016-02-16T15:09:55","date_gmt":"2016-02-16T15:09:55","guid":{"rendered":"http:\/\/demo.athemes.com\/astrid\/?page_id=124"},"modified":"2018-02-05T13:15:36","modified_gmt":"2018-02-05T13:15:36","slug":"project-8","status":"publish","type":"page","link":"https:\/\/www.geourbano.cl\/?page_id=124","title":{"rendered":"Capacitaci\u00f3n"},"content":{"rendered":"<p style=\"text-align: justify;\"><strong>Geourbano Group<\/strong> centro de capacitaci\u00f3n orientados en proveer una asesor\u00eda integral, desde la detecci\u00f3n, hasta la evaluaci\u00f3n final de la capacitaci\u00f3n realizada, asegur\u00e1ndonos de la real transferencia del conocimiento, para ello ponemos a su disposici\u00f3n herramientas de ultima generaci\u00f3n, apoyo en la gesti\u00f3n y un equipo de profesionales multidisciplinario de amplia experiencia en la distintas \u00e1reas de especialidad.<\/p>\n","protected":false},"excerpt":{"rendered":"<p>Geourbano Group centro de capacitaci\u00f3n orientados en proveer una asesor\u00eda integral, desde la detecci\u00f3n, hasta la evaluaci\u00f3n final de la capacitaci\u00f3n realizada, asegur\u00e1ndonos de la real transferencia del conocimiento, para ello ponemos a su disposici\u00f3n herramientas de ultima generaci\u00f3n, apoyo [&hellip;]<\/p>\n","protected":false},"author":2,"featured_media":449,"parent":0,"menu_order":0,"comment_status":"closed","ping_status":"closed","template":"page-templates\/single-project.php","meta":{"footnotes":""},"class_list":["post-124","page","type-page","status-publish","has-post-thumbnail","hentry","clearfix"],"_links":{"self":[{"href":"https:\/\/www.geourbano.cl\/index.php?rest_route=\/wp\/v2\/pages\/124","targetHints":{"allow":["GET"]}}],"collection":[{"href":"https:\/\/www.geourbano.cl\/index.php?rest_route=\/wp\/v2\/pages"}],"about":[{"href":"https:\/\/www.geourbano.cl\/index.php?rest_route=\/wp\/v2\/types\/page"}],"author":[{"embeddable":true,"href":"https:\/\/www.geourbano.cl\/index.php?rest_route=\/wp\/v2\/users\/2"}],"replies":[{"embeddable":true,"href":"https:\/\/www.geourbano.cl\/index.php?rest_route=%2Fwp%2Fv2%2Fcomments&post=124"}],"version-history":[{"count":5,"href":"https:\/\/www.geourbano.cl\/index.php?rest_route=\/wp\/v2\/pages\/124\/revisions"}],"predecessor-version":[{"id":551,"href":"https:\/\/www.geourbano.cl\/index.php?rest_route=\/wp\/v2\/pages\/124\/revisions\/551"}],"wp:featuredmedia":[{"embeddable":true,"href":"https:\/\/www.geourbano.cl\/index.php?rest_route=\/wp\/v2\/media\/449"}],"wp:attachment":[{"href":"https:\/\/www.geourbano.cl\/index.php?rest_route=%2Fwp%2Fv2%2Fmedia&parent=124"}],"curies":[{"name":"wp","href":"https:\/\/api.w.org\/{rel}","templated":true}]}}