{"id":226,"date":"2016-02-16T16:03:19","date_gmt":"2016-02-16T16:03:19","guid":{"rendered":"http:\/\/demo.athemes.com\/astrid\/?page_id=226"},"modified":"2018-02-05T13:46:57","modified_gmt":"2018-02-05T13:46:57","slug":"service-1","status":"publish","type":"page","link":"https:\/\/www.geourbano.cl\/?page_id=226","title":{"rendered":"Geourbano"},"content":{"rendered":"<p style=\"text-align: justify;\">\nEmpresa con mas de 15 a\u00f1os en el mercado dedicada y especializada en \u00e1reas relacionadas con las ciencias de la tierra, Servicios de ingenier\u00eda, Geodesia y Topograf\u00eda, forestaci\u00f3n y silvicultura, fotogrametr\u00eda, cartograf\u00eda, sistemas de informaci\u00f3n geogr\u00e1fica, medio ambiente, arquitectura y dise\u00f1o.<\/p>\n","protected":false},"excerpt":{"rendered":"<p>Empresa con mas de 15 a\u00f1os en el mercado dedicada y especializada en \u00e1reas relacionadas con las ciencias de la tierra, Servicios de ingenier\u00eda, Geodesia y Topograf\u00eda, forestaci\u00f3n y silvicultura, fotogrametr\u00eda, cartograf\u00eda, sistemas de informaci\u00f3n geogr\u00e1fica, medio ambiente, arquitectura y [&hellip;]<\/p>\n","protected":false},"author":2,"featured_media":0,"parent":0,"menu_order":-1,"comment_status":"closed","ping_status":"closed","template":"page-templates\/single-service.php","meta":{"footnotes":""},"class_list":["post-226","page","type-page","status-publish","hentry","clearfix"],"_links":{"self":[{"href":"https:\/\/www.geourbano.cl\/index.php?rest_route=\/wp\/v2\/pages\/226","targetHints":{"allow":["GET"]}}],"collection":[{"href":"https:\/\/www.geourbano.cl\/index.php?rest_route=\/wp\/v2\/pages"}],"about":[{"href":"https:\/\/www.geourbano.cl\/index.php?rest_route=\/wp\/v2\/types\/page"}],"author":[{"embeddable":true,"href":"https:\/\/www.geourbano.cl\/index.php?rest_route=\/wp\/v2\/users\/2"}],"replies":[{"embeddable":true,"href":"https:\/\/www.geourbano.cl\/index.php?rest_route=%2Fwp%2Fv2%2Fcomments&post=226"}],"version-history":[{"count":6,"href":"https:\/\/www.geourbano.cl\/index.php?rest_route=\/wp\/v2\/pages\/226\/revisions"}],"predecessor-version":[{"id":560,"href":"https:\/\/www.geourbano.cl\/index.php?rest_route=\/wp\/v2\/pages\/226\/revisions\/560"}],"wp:attachment":[{"href":"https:\/\/www.geourbano.cl\/index.php?rest_route=%2Fwp%2Fv2%2Fmedia&parent=226"}],"curies":[{"name":"wp","href":"https:\/\/api.w.org\/{rel}","templated":true}]}}