{"id":230,"date":"2016-02-16T16:05:03","date_gmt":"2016-02-16T16:05:03","guid":{"rendered":"http:\/\/demo.athemes.com\/astrid\/?page_id=230"},"modified":"2018-02-05T13:14:02","modified_gmt":"2018-02-05T13:14:02","slug":"project-1-2","status":"publish","type":"page","link":"https:\/\/www.geourbano.cl\/?page_id=230","title":{"rendered":"Cartografia y SIG"},"content":{"rendered":"<p style=\"text-align: justify;\">Las actividades de procesamiento de datos y de implementaci\u00f3n vectorial, son aplicadas por Geourbano a partir de Plataformas que conllevan generar resultados mas exactos. Los profesionales de esta \u00e1rea poseen experticia en los mas avanzados sistemas vectoriales (Civil,Cad,GIS), para desarrollar proyectos de cartograf\u00eda y SIG con la mas alta fidelidad en la construcci\u00f3n de Planos, c\u00e1lculos, modelamientos y dise\u00f1os.<\/p>\n<p><strong>CARTOGRAF\u00cdA<\/strong><\/p>\n<ul>\n<li>Planificaci\u00f3n y ejecuci\u00f3n de proyectos cartogr\u00e1ficos y catastrales.<\/li>\n<li>Construcci\u00f3n de cartograf\u00eda a partir de Sistemas de Informaci\u00f3n Geogr\u00e1fica y Sistemas CAD.<\/li>\n<li>Levantamientos cartogr\u00e1ficos y catastrales convencionales y digitales.<\/li>\n<li>Evaluaci\u00f3n T\u00e9cnica y Econ\u00f3mica de proyectos Cartogr\u00e1ficos y SIG con metodolog\u00edas digitales.<\/li>\n<li>Levantamientos Cartogr\u00e1ficos aplicando metodolog\u00edas satelitales digitales (GPS).<\/li>\n<li>Geo \u2013 Referenciaci\u00f3n de Im\u00e1genes A\u00e9reas y Satelitales.<\/li>\n<li>Modelamiento Digital de Terreno (3D), Modelos digitales de Agua, Estudios de Visibilidad.<\/li>\n<li>Calculo digital de Superficies y Vol\u00famenes, Estudios de Pendientes.<\/li>\n<li>Cartograf\u00eda Urbana (Tema Municipal), Rural, Planes Maestros, Planos Reguladores y Ordenamiento Territorial.<\/li>\n<\/ul>\n<p><strong>SISTEMAS DE INFORMACI\u00d3N GEOGR\u00c1FICA<\/strong><\/p>\n<ul>\n<li>Dise\u00f1o, desarrollo e implementaci\u00f3n de Sistema Informaci\u00f3n Geogr\u00e1fica y sistemas de informaci\u00f3n ambientales, como herramientas de apoyo a la gesti\u00f3n territorial.<\/li>\n<li>Dise\u00f1o, desarrollo e implementaci\u00f3n de Sistema Informaci\u00f3n Comunas para municipalidades, Gobiernos Regionales, Intendencias y Ministerios.<\/li>\n<li>Digitalizaci\u00f3n, Georeferenciaci\u00f3n y Montaje de Sistemas de Informaci\u00f3n Geogr\u00e1fica.<\/li>\n<li>Capacitaci\u00f3n en el manejo de sistemas de informaci\u00f3n geogr\u00e1fica, SIGs: Arc GIS, Map Info, AutoCAD Map, Arcview 3.2 entre otros.<\/li>\n<\/ul>\n","protected":false},"excerpt":{"rendered":"<p>Las actividades de procesamiento de datos y de implementaci\u00f3n vectorial, son aplicadas por Geourbano a partir de Plataformas que conllevan generar resultados mas exactos. Los profesionales de esta \u00e1rea poseen experticia en los mas avanzados sistemas vectoriales (Civil,Cad,GIS), para desarrollar [&hellip;]<\/p>\n","protected":false},"author":2,"featured_media":437,"parent":0,"menu_order":0,"comment_status":"closed","ping_status":"closed","template":"page-templates\/single-project.php","meta":{"footnotes":""},"class_list":["post-230","page","type-page","status-publish","has-post-thumbnail","hentry","clearfix"],"_links":{"self":[{"href":"https:\/\/www.geourbano.cl\/index.php?rest_route=\/wp\/v2\/pages\/230","targetHints":{"allow":["GET"]}}],"collection":[{"href":"https:\/\/www.geourbano.cl\/index.php?rest_route=\/wp\/v2\/pages"}],"about":[{"href":"https:\/\/www.geourbano.cl\/index.php?rest_route=\/wp\/v2\/types\/page"}],"author":[{"embeddable":true,"href":"https:\/\/www.geourbano.cl\/index.php?rest_route=\/wp\/v2\/users\/2"}],"replies":[{"embeddable":true,"href":"https:\/\/www.geourbano.cl\/index.php?rest_route=%2Fwp%2Fv2%2Fcomments&post=230"}],"version-history":[{"count":6,"href":"https:\/\/www.geourbano.cl\/index.php?rest_route=\/wp\/v2\/pages\/230\/revisions"}],"predecessor-version":[{"id":549,"href":"https:\/\/www.geourbano.cl\/index.php?rest_route=\/wp\/v2\/pages\/230\/revisions\/549"}],"wp:featuredmedia":[{"embeddable":true,"href":"https:\/\/www.geourbano.cl\/index.php?rest_route=\/wp\/v2\/media\/437"}],"wp:attachment":[{"href":"https:\/\/www.geourbano.cl\/index.php?rest_route=%2Fwp%2Fv2%2Fmedia&parent=230"}],"curies":[{"name":"wp","href":"https:\/\/api.w.org\/{rel}","templated":true}]}}