{"id":88,"date":"2016-02-16T14:40:18","date_gmt":"2016-02-16T14:40:18","guid":{"rendered":"http:\/\/demo.athemes.com\/astrid\/?page_id=88"},"modified":"2018-02-05T13:47:33","modified_gmt":"2018-02-05T13:47:33","slug":"geoconstruccion","status":"publish","type":"page","link":"https:\/\/www.geourbano.cl\/?page_id=88","title":{"rendered":"Geoconstrucci\u00f3n"},"content":{"rendered":"<p style=\"text-align: justify;\">\nEmpresa de ingenier\u00eda y construcci\u00f3n dedicada a proyectos de peque\u00f1a y mediana escala a pedido, aplicando mecanismos de sustentabilidad arquitect\u00f3nica y eficiencia econ\u00f3mica en cada uno de sus proyectos, generando el sello de distinci\u00f3n para cada obra solicitada.<\/p>\n","protected":false},"excerpt":{"rendered":"<p>Empresa de ingenier\u00eda y construcci\u00f3n dedicada a proyectos de peque\u00f1a y mediana escala a pedido, aplicando mecanismos de sustentabilidad arquitect\u00f3nica y eficiencia econ\u00f3mica en cada uno de sus proyectos, generando el sello de distinci\u00f3n para cada obra solicitada.<\/p>\n","protected":false},"author":2,"featured_media":0,"parent":0,"menu_order":0,"comment_status":"closed","ping_status":"closed","template":"page-templates\/single-service.php","meta":{"footnotes":""},"class_list":["post-88","page","type-page","status-publish","hentry","clearfix"],"_links":{"self":[{"href":"https:\/\/www.geourbano.cl\/index.php?rest_route=\/wp\/v2\/pages\/88","targetHints":{"allow":["GET"]}}],"collection":[{"href":"https:\/\/www.geourbano.cl\/index.php?rest_route=\/wp\/v2\/pages"}],"about":[{"href":"https:\/\/www.geourbano.cl\/index.php?rest_route=\/wp\/v2\/types\/page"}],"author":[{"embeddable":true,"href":"https:\/\/www.geourbano.cl\/index.php?rest_route=\/wp\/v2\/users\/2"}],"replies":[{"embeddable":true,"href":"https:\/\/www.geourbano.cl\/index.php?rest_route=%2Fwp%2Fv2%2Fcomments&post=88"}],"version-history":[{"count":5,"href":"https:\/\/www.geourbano.cl\/index.php?rest_route=\/wp\/v2\/pages\/88\/revisions"}],"predecessor-version":[{"id":561,"href":"https:\/\/www.geourbano.cl\/index.php?rest_route=\/wp\/v2\/pages\/88\/revisions\/561"}],"wp:attachment":[{"href":"https:\/\/www.geourbano.cl\/index.php?rest_route=%2Fwp%2Fv2%2Fmedia&parent=88"}],"curies":[{"name":"wp","href":"https:\/\/api.w.org\/{rel}","templated":true}]}}